{"id":425,"date":"2023-11-02T15:26:13","date_gmt":"2023-11-02T15:26:13","guid":{"rendered":"https:\/\/arturopohlproducciones.cl\/?page_id=425"},"modified":"2025-04-09T19:18:00","modified_gmt":"2025-04-09T19:18:00","slug":"touch-mirror-espejo-magico","status":"publish","type":"page","link":"https:\/\/arturopohlproducciones.cl\/?page_id=425","title":{"rendered":"Touch Mirror \/ Espejo magico"},"content":{"rendered":"\t\t<div data-elementor-type=\"wp-page\" data-elementor-id=\"425\" class=\"elementor elementor-425\">\n\t\t\t\t\t\t\t\t\t<section class=\"elementor-section elementor-top-section elementor-element elementor-element-5e5d8ae elementor-section-boxed elementor-section-height-default elementor-section-height-default\" data-id=\"5e5d8ae\" data-element_type=\"section\">\n\t\t\t\t\t\t\t<div class=\"elementor-background-overlay\"><\/div>\n\t\t\t\t\t\t\t<div class=\"elementor-container elementor-column-gap-default\">\n\t\t\t\t\t<div class=\"elementor-column elementor-col-50 elementor-top-column elementor-element elementor-element-446a104\" data-id=\"446a104\" data-element_type=\"column\">\n\t\t\t<div class=\"elementor-widget-wrap elementor-element-populated\">\n\t\t\t\t\t\t\t\t<div class=\"elementor-element elementor-element-e567b1f elementor-widget elementor-widget-heading\" data-id=\"e567b1f\" data-element_type=\"widget\" data-widget_type=\"heading.default\">\n\t\t\t\t<div class=\"elementor-widget-container\">\n\t\t\t<style>\/*! elementor - v3.15.0 - 09-08-2023 *\/\n.elementor-heading-title{padding:0;margin:0;line-height:1}.elementor-widget-heading .elementor-heading-title[class*=elementor-size-]>a{color:inherit;font-size:inherit;line-height:inherit}.elementor-widget-heading .elementor-heading-title.elementor-size-small{font-size:15px}.elementor-widget-heading .elementor-heading-title.elementor-size-medium{font-size:19px}.elementor-widget-heading .elementor-heading-title.elementor-size-large{font-size:29px}.elementor-widget-heading .elementor-heading-title.elementor-size-xl{font-size:39px}.elementor-widget-heading .elementor-heading-title.elementor-size-xxl{font-size:59px}<\/style><h4 class=\"elementor-heading-title elementor-size-default\">Touch Mirror \/ Espejo m\u00e1gico<\/h4>\t\t<\/div>\n\t\t\t\t<\/div>\n\t\t\t\t<div class=\"elementor-element elementor-element-9bf9b47 elementor-widget elementor-widget-text-editor\" data-id=\"9bf9b47\" data-element_type=\"widget\" data-widget_type=\"text-editor.default\">\n\t\t\t\t<div class=\"elementor-widget-container\">\n\t\t\t<style>\/*! elementor - v3.15.0 - 09-08-2023 *\/\n.elementor-widget-text-editor.elementor-drop-cap-view-stacked .elementor-drop-cap{background-color:#69727d;color:#fff}.elementor-widget-text-editor.elementor-drop-cap-view-framed .elementor-drop-cap{color:#69727d;border:3px solid;background-color:transparent}.elementor-widget-text-editor:not(.elementor-drop-cap-view-default) .elementor-drop-cap{margin-top:8px}.elementor-widget-text-editor:not(.elementor-drop-cap-view-default) .elementor-drop-cap-letter{width:1em;height:1em}.elementor-widget-text-editor .elementor-drop-cap{float:left;text-align:center;line-height:1;font-size:50px}.elementor-widget-text-editor .elementor-drop-cap-letter{display:inline-block}<\/style>\t\t\t\t<p><span style=\"font-style: inherit; font-weight: inherit;\">\u00bfQuieren marcar la diferencia el d\u00eda de tu matrimonio con un proveedor fuera de serie?<\/span><\/p><p>Felicitaciones, nos encontraste! una empresa especialista en inmortalizar momentos irrepetibles de una manera muy particular e innovadora. Gracias a estos servicios sus queridos invitados se podr\u00e1n llevar a sus hogares una divertida fotograf\u00eda instant\u00e1nea con la que recordar\u00e1n por siempre tan especial fiesta.<\/p><p>Servicios que ofrecemos:<\/p><p>Touch Mirror Chile les garantiza total diversi\u00f3n durante su celebraci\u00f3n y con la gran caracter\u00edstica que todo ser\u00e1 a medida y cien por ciento personalizado. Los servicios incluidos en cada paquete para matrimonios son:<\/p><p>\u2022 Fotos ilimitadas por el tiempo contratado<\/p><p>\u2022 Cotill\u00f3n especial para Touch Mirror Chile<\/p><p>\u2022 Iluminaci\u00f3n decorativa<\/p><p>\u2022 Alfombra roja y decoraci\u00f3n respectiva del servicio<\/p><p>\u2022 Anfitriona \/ Anfitri\u00f3n para guiarlos en la experiencia<\/p><p>\u2022 Book de recuerdo de novios<\/p>\t\t\t\t\t\t<\/div>\n\t\t\t\t<\/div>\n\t\t\t\t<div class=\"elementor-element elementor-element-8b6dd7e elementor-widget elementor-widget-heading\" data-id=\"8b6dd7e\" data-element_type=\"widget\" data-widget_type=\"heading.default\">\n\t\t\t\t<div class=\"elementor-widget-container\">\n\t\t\t<h2 class=\"elementor-heading-title elementor-size-default\">Zona de Servicio:<\/h2>\t\t<\/div>\n\t\t\t\t<\/div>\n\t\t\t\t<div class=\"elementor-element elementor-element-72b604c elementor-widget elementor-widget-text-editor\" data-id=\"72b604c\" data-element_type=\"widget\" data-widget_type=\"text-editor.default\">\n\t\t\t\t<div class=\"elementor-widget-container\">\n\t\t\t\t\t\t\t<p><span style=\"color: rgb(255, 255, 255); font-family: Montserrat, sans-serif; font-weight: 600;\">Nuestra zona de trabajo abarca las regiones de La Araucan\u00eda, Bio &#8211; Bio y Los Lagos. Estamos listos para brindarles un trabajo profesional en su gran d\u00eda.<\/span><br><\/p>\t\t\t\t\t\t<\/div>\n\t\t\t\t<\/div>\n\t\t\t\t\t<\/div>\n\t\t<\/div>\n\t\t\t\t<div class=\"elementor-column elementor-col-50 elementor-top-column elementor-element elementor-element-9c2a9ac\" data-id=\"9c2a9ac\" data-element_type=\"column\">\n\t\t\t<div class=\"elementor-widget-wrap elementor-element-populated\">\n\t\t\t\t\t\t\t\t<div class=\"elementor-element elementor-element-3995b9a elementor-invisible elementor-widget elementor-widget-image\" data-id=\"3995b9a\" data-element_type=\"widget\" data-settings=\"{&quot;_animation&quot;:&quot;fadeInRight&quot;}\" data-widget_type=\"image.default\">\n\t\t\t\t<div class=\"elementor-widget-container\">\n\t\t\t<style>\/*! elementor - v3.15.0 - 09-08-2023 *\/\n.elementor-widget-image{text-align:center}.elementor-widget-image a{display:inline-block}.elementor-widget-image a img[src$=\".svg\"]{width:48px}.elementor-widget-image img{vertical-align:middle;display:inline-block}<\/style>\t\t\t\t\t\t\t\t\t\t\t\t<img loading=\"lazy\" decoding=\"async\" width=\"1024\" height=\"1024\" src=\"https:\/\/arturopohlproducciones.cl\/wp-content\/uploads\/2023\/11\/01.png\" class=\"attachment-large size-large wp-image-440\" alt=\"\" srcset=\"https:\/\/arturopohlproducciones.cl\/wp-content\/uploads\/2023\/11\/01.png 1024w, https:\/\/arturopohlproducciones.cl\/wp-content\/uploads\/2023\/11\/01-300x300.png 300w, https:\/\/arturopohlproducciones.cl\/wp-content\/uploads\/2023\/11\/01-150x150.png 150w, https:\/\/arturopohlproducciones.cl\/wp-content\/uploads\/2023\/11\/01-768x768.png 768w\" sizes=\"auto, (max-width: 1024px) 100vw, 1024px\" \/>\t\t\t\t\t\t\t\t\t\t\t\t\t\t\t<\/div>\n\t\t\t\t<\/div>\n\t\t\t\t<div class=\"elementor-element elementor-element-8e1f8e5 animated-slow elementor-invisible elementor-widget elementor-widget-image\" data-id=\"8e1f8e5\" data-element_type=\"widget\" data-settings=\"{&quot;_animation&quot;:&quot;fadeInLeft&quot;,&quot;_animation_delay&quot;:100}\" data-widget_type=\"image.default\">\n\t\t\t\t<div class=\"elementor-widget-container\">\n\t\t\t\t\t\t\t\t\t\t\t\t\t\t\t<img loading=\"lazy\" decoding=\"async\" width=\"1024\" height=\"1024\" src=\"https:\/\/arturopohlproducciones.cl\/wp-content\/uploads\/2023\/11\/02.png\" class=\"attachment-large size-large wp-image-439\" alt=\"\" srcset=\"https:\/\/arturopohlproducciones.cl\/wp-content\/uploads\/2023\/11\/02.png 1024w, https:\/\/arturopohlproducciones.cl\/wp-content\/uploads\/2023\/11\/02-300x300.png 300w, https:\/\/arturopohlproducciones.cl\/wp-content\/uploads\/2023\/11\/02-150x150.png 150w, https:\/\/arturopohlproducciones.cl\/wp-content\/uploads\/2023\/11\/02-768x768.png 768w\" sizes=\"auto, (max-width: 1024px) 100vw, 1024px\" \/>\t\t\t\t\t\t\t\t\t\t\t\t\t\t\t<\/div>\n\t\t\t\t<\/div>\n\t\t\t\t<div class=\"elementor-element elementor-element-348a350 animated-slow elementor-invisible elementor-widget elementor-widget-image\" data-id=\"348a350\" data-element_type=\"widget\" data-settings=\"{&quot;_animation&quot;:&quot;fadeInRight&quot;,&quot;_animation_delay&quot;:300}\" data-widget_type=\"image.default\">\n\t\t\t\t<div class=\"elementor-widget-container\">\n\t\t\t\t\t\t\t\t\t\t\t\t\t\t\t<img loading=\"lazy\" decoding=\"async\" width=\"1024\" height=\"1024\" src=\"https:\/\/arturopohlproducciones.cl\/wp-content\/uploads\/2023\/11\/03.png\" class=\"attachment-large size-large wp-image-438\" alt=\"\" srcset=\"https:\/\/arturopohlproducciones.cl\/wp-content\/uploads\/2023\/11\/03.png 1024w, https:\/\/arturopohlproducciones.cl\/wp-content\/uploads\/2023\/11\/03-300x300.png 300w, https:\/\/arturopohlproducciones.cl\/wp-content\/uploads\/2023\/11\/03-150x150.png 150w, https:\/\/arturopohlproducciones.cl\/wp-content\/uploads\/2023\/11\/03-768x768.png 768w\" sizes=\"auto, (max-width: 1024px) 100vw, 1024px\" \/>\t\t\t\t\t\t\t\t\t\t\t\t\t\t\t<\/div>\n\t\t\t\t<\/div>\n\t\t\t\t<div class=\"elementor-element elementor-element-556ad9d elementor-align-center elementor-widget elementor-widget-lottie\" data-id=\"556ad9d\" data-element_type=\"widget\" data-settings=\"{&quot;source_json&quot;:{&quot;url&quot;:&quot;https:\\\/\\\/arturopohlproducciones.cl\\\/wp-content\\\/uploads\\\/2023\\\/11\\\/Animation-1698939941155.json&quot;,&quot;id&quot;:442,&quot;size&quot;:&quot;&quot;,&quot;alt&quot;:&quot;&quot;,&quot;source&quot;:&quot;library&quot;},&quot;link_to&quot;:&quot;custom&quot;,&quot;custom_link&quot;:{&quot;url&quot;:&quot;https:\\\/\\\/www.instagram.com\\\/touchmirror.cl\\\/&quot;,&quot;is_external&quot;:&quot;&quot;,&quot;nofollow&quot;:&quot;&quot;,&quot;custom_attributes&quot;:&quot;&quot;},&quot;loop&quot;:&quot;yes&quot;,&quot;number_of_times&quot;:0,&quot;start_point&quot;:{&quot;unit&quot;:&quot;%&quot;,&quot;size&quot;:0,&quot;sizes&quot;:[]},&quot;reverse_animation&quot;:&quot;yes&quot;,&quot;source&quot;:&quot;media_file&quot;,&quot;caption_source&quot;:&quot;none&quot;,&quot;trigger&quot;:&quot;arriving_to_viewport&quot;,&quot;viewport&quot;:{&quot;unit&quot;:&quot;%&quot;,&quot;size&quot;:&quot;&quot;,&quot;sizes&quot;:{&quot;start&quot;:0,&quot;end&quot;:100}},&quot;play_speed&quot;:{&quot;unit&quot;:&quot;px&quot;,&quot;size&quot;:1,&quot;sizes&quot;:[]},&quot;end_point&quot;:{&quot;unit&quot;:&quot;%&quot;,&quot;size&quot;:&quot;100&quot;,&quot;sizes&quot;:[]},&quot;renderer&quot;:&quot;svg&quot;}\" data-widget_type=\"lottie.default\">\n\t\t\t\t<div class=\"elementor-widget-container\">\n\t\t\t<style>\/*! elementor-pro - v3.7.3 - 31-07-2022 *\/\n.e-lottie__container{display:inline-block;max-width:var(--lottie-container-max-width);width:var(--lottie-container-width);opacity:var(--lottie-container-opacity)}.e-lottie__container:hover{opacity:var(--lottie-container-opacity-hover);-webkit-transition-duration:var(--lottie-container-transition-duration-hover);-o-transition-duration:var(--lottie-container-transition-duration-hover);transition-duration:var(--lottie-container-transition-duration-hover)}.e-lottie__container svg,.e-lottie__container svg *{-webkit-transition:none!important;-o-transition:none!important;transition:none!important}.e-lottie__caption{color:var(--caption-color);margin-top:var(--caption-margin-top);text-align:var(--caption-text-align)}<\/style><a class=\"e-lottie__container__link\" href=\"https:\/\/www.instagram.com\/touchmirror.cl\/\"><div class=\"e-lottie__container\"><div class=\"e-lottie__animation\"><\/div><\/div><\/a>\t\t<\/div>\n\t\t\t\t<\/div>\n\t\t\t\t\t<\/div>\n\t\t<\/div>\n\t\t\t\t\t\t\t<\/div>\n\t\t<\/section>\n\t\t\t\t\t\t\t<\/div>\n\t\t","protected":false},"excerpt":{"rendered":"<p>Touch Mirror \/ Espejo m\u00e1gico \u00bfQuieren marcar la diferencia el d\u00eda de tu matrimonio con un proveedor fuera de serie? Felicitaciones, nos encontraste! una empresa especialista en inmortalizar momentos irrepetibles de una manera muy particular e innovadora. Gracias a estos servicios sus queridos invitados se podr\u00e1n llevar a sus hogares una divertida fotograf\u00eda instant\u00e1nea con [&hellip;]<\/p>\n","protected":false},"author":1,"featured_media":0,"parent":0,"menu_order":0,"comment_status":"closed","ping_status":"closed","template":"","meta":{"site-sidebar-layout":"no-sidebar","site-content-layout":"page-builder","ast-site-content-layout":"default","site-content-style":"default","site-sidebar-style":"default","ast-global-header-display":"","ast-banner-title-visibility":"","ast-main-header-display":"","ast-hfb-above-header-display":"","ast-hfb-below-header-display":"","ast-hfb-mobile-header-display":"","site-post-title":"disabled","ast-breadcrumbs-content":"","ast-featured-img":"disabled","footer-sml-layout":"","theme-transparent-header-meta":"","adv-header-id-meta":"","stick-header-meta":"","header-above-stick-meta":"","header-main-stick-meta":"","header-below-stick-meta":"","astra-migrate-meta-layouts":"set","ast-page-background-enabled":"default","ast-page-background-meta":{"desktop":{"background-color":"var(--ast-global-color-4)","background-image":"","background-repeat":"repeat","background-position":"center center","background-size":"auto","background-attachment":"scroll","background-type":"","background-media":"","overlay-type":"","overlay-color":"","overlay-opacity":"","overlay-gradient":""},"tablet":{"background-color":"","background-image":"","background-repeat":"repeat","background-position":"center center","background-size":"auto","background-attachment":"scroll","background-type":"","background-media":"","overlay-type":"","overlay-color":"","overlay-opacity":"","overlay-gradient":""},"mobile":{"background-color":"","background-image":"","background-repeat":"repeat","background-position":"center center","background-size":"auto","background-attachment":"scroll","background-type":"","background-media":"","overlay-type":"","overlay-color":"","overlay-opacity":"","overlay-gradient":""}},"ast-content-background-meta":{"desktop":{"background-color":"var(--ast-global-color-5)","background-image":"","background-repeat":"repeat","background-position":"center center","background-size":"auto","background-attachment":"scroll","background-type":"","background-media":"","overlay-type":"","overlay-color":"","overlay-opacity":"","overlay-gradient":""},"tablet":{"background-color":"var(--ast-global-color-5)","background-image":"","background-repeat":"repeat","background-position":"center center","background-size":"auto","background-attachment":"scroll","background-type":"","background-media":"","overlay-type":"","overlay-color":"","overlay-opacity":"","overlay-gradient":""},"mobile":{"background-color":"var(--ast-global-color-5)","background-image":"","background-repeat":"repeat","background-position":"center center","background-size":"auto","background-attachment":"scroll","background-type":"","background-media":"","overlay-type":"","overlay-color":"","overlay-opacity":"","overlay-gradient":""}},"footnotes":""},"class_list":["post-425","page","type-page","status-publish","hentry"],"_links":{"self":[{"href":"https:\/\/arturopohlproducciones.cl\/index.php?rest_route=\/wp\/v2\/pages\/425","targetHints":{"allow":["GET"]}}],"collection":[{"href":"https:\/\/arturopohlproducciones.cl\/index.php?rest_route=\/wp\/v2\/pages"}],"about":[{"href":"https:\/\/arturopohlproducciones.cl\/index.php?rest_route=\/wp\/v2\/types\/page"}],"author":[{"embeddable":true,"href":"https:\/\/arturopohlproducciones.cl\/index.php?rest_route=\/wp\/v2\/users\/1"}],"replies":[{"embeddable":true,"href":"https:\/\/arturopohlproducciones.cl\/index.php?rest_route=%2Fwp%2Fv2%2Fcomments&post=425"}],"version-history":[{"count":22,"href":"https:\/\/arturopohlproducciones.cl\/index.php?rest_route=\/wp\/v2\/pages\/425\/revisions"}],"predecessor-version":[{"id":817,"href":"https:\/\/arturopohlproducciones.cl\/index.php?rest_route=\/wp\/v2\/pages\/425\/revisions\/817"}],"wp:attachment":[{"href":"https:\/\/arturopohlproducciones.cl\/index.php?rest_route=%2Fwp%2Fv2%2Fmedia&parent=425"}],"curies":[{"name":"wp","href":"https:\/\/api.w.org\/{rel}","templated":true}]}}