{"id":383,"date":"2023-10-30T15:39:54","date_gmt":"2023-10-30T15:39:54","guid":{"rendered":"https:\/\/arturopohlproducciones.cl\/?page_id=383"},"modified":"2023-11-02T21:37:18","modified_gmt":"2023-11-02T21:37:18","slug":"producciones","status":"publish","type":"page","link":"https:\/\/arturopohlproducciones.cl\/?page_id=383","title":{"rendered":"Producciones"},"content":{"rendered":"\t\t<div data-elementor-type=\"wp-page\" data-elementor-id=\"383\" class=\"elementor elementor-383\">\n\t\t\t\t\t\t\t\t\t<section class=\"elementor-section elementor-top-section elementor-element elementor-element-13d8129 elementor-section-boxed elementor-section-height-default elementor-section-height-default\" data-id=\"13d8129\" data-element_type=\"section\">\n\t\t\t\t\t\t\t<div class=\"elementor-background-overlay\"><\/div>\n\t\t\t\t\t\t\t<div class=\"elementor-container elementor-column-gap-default\">\n\t\t\t\t\t<div class=\"elementor-column elementor-col-50 elementor-top-column elementor-element elementor-element-753e7a3\" data-id=\"753e7a3\" data-element_type=\"column\">\n\t\t\t<div class=\"elementor-widget-wrap elementor-element-populated\">\n\t\t\t\t\t\t\t\t<div class=\"elementor-element elementor-element-5f6cd2e elementor-widget elementor-widget-heading\" data-id=\"5f6cd2e\" data-element_type=\"widget\" data-widget_type=\"heading.default\">\n\t\t\t\t<div class=\"elementor-widget-container\">\n\t\t\t<style>\/*! elementor - v3.15.0 - 09-08-2023 *\/\n.elementor-heading-title{padding:0;margin:0;line-height:1}.elementor-widget-heading .elementor-heading-title[class*=elementor-size-]>a{color:inherit;font-size:inherit;line-height:inherit}.elementor-widget-heading .elementor-heading-title.elementor-size-small{font-size:15px}.elementor-widget-heading .elementor-heading-title.elementor-size-medium{font-size:19px}.elementor-widget-heading .elementor-heading-title.elementor-size-large{font-size:29px}.elementor-widget-heading .elementor-heading-title.elementor-size-xl{font-size:39px}.elementor-widget-heading .elementor-heading-title.elementor-size-xxl{font-size:59px}<\/style><h2 class=\"elementor-heading-title elementor-size-default\">Arturo Pohl Producciones<\/h2>\t\t<\/div>\n\t\t\t\t<\/div>\n\t\t\t\t<div class=\"elementor-element elementor-element-2d582fb elementor-widget elementor-widget-text-editor\" data-id=\"2d582fb\" data-element_type=\"widget\" data-widget_type=\"text-editor.default\">\n\t\t\t\t<div class=\"elementor-widget-container\">\n\t\t\t<style>\/*! elementor - v3.15.0 - 09-08-2023 *\/\n.elementor-widget-text-editor.elementor-drop-cap-view-stacked .elementor-drop-cap{background-color:#69727d;color:#fff}.elementor-widget-text-editor.elementor-drop-cap-view-framed .elementor-drop-cap{color:#69727d;border:3px solid;background-color:transparent}.elementor-widget-text-editor:not(.elementor-drop-cap-view-default) .elementor-drop-cap{margin-top:8px}.elementor-widget-text-editor:not(.elementor-drop-cap-view-default) .elementor-drop-cap-letter{width:1em;height:1em}.elementor-widget-text-editor .elementor-drop-cap{float:left;text-align:center;line-height:1;font-size:50px}.elementor-widget-text-editor .elementor-drop-cap-letter{display:inline-block}<\/style>\t\t\t\t<p>En Arturo Pohl Producciones, nos enorgullece ser expertos en la producci\u00f3n de eventos. Nuestra amplia experiencia y dedicaci\u00f3n nos permiten ofrecer servicios de calidad y resultados excepcionales. Pueden confiar en nosotros para llevar a cabo su matrimonio de manera profesional, creativa y exitosa. Estamos comprometidos en hacer de su celebraci\u00f3n un momento memorable.<\/p>\n<p>Servicios que ofrecemos<\/p>\n<p>Contamos con los siguientes \u00edtems para la celebraci\u00f3n de su matrimonio, todo un soporte t\u00e9cnico de alto nivel y un alto est\u00e1ndar de calidad.<\/p>\n<p>\u2022 Amplificaci\u00f3n<\/p>\n<p><span style=\"font-style: inherit; font-weight: inherit;\">\u2022 iluminaci\u00f3n<\/span><\/p>\n<p>\u2022 Pistas de baile<\/p>\n<p>\u2022 Mobiliario<\/p>\n<p>\u2022 Mobiliario LED<\/p>\n<p>\u2022 Animaci\u00f3n<\/p>\n<p>\u2022 DJ (Musicalizaci\u00f3n)<\/p>\n<p><span style=\"font-style: inherit; font-weight: inherit;\">\u2022 DVJ (Musicalizaci\u00f3n + Videos)<\/span><\/p>\n<p><span style=\"font-style: inherit; font-weight: inherit;\">\u2022 Fot\u00f3grafos<\/span><\/p>\n<p>\u2022 Espejo Fotogr\u00e1fico<\/p>\n<p>\u2022 Robot LED<\/p>\t\t\t\t\t\t<\/div>\n\t\t\t\t<\/div>\n\t\t\t\t<div class=\"elementor-element elementor-element-777846e elementor-widget elementor-widget-heading\" data-id=\"777846e\" data-element_type=\"widget\" data-widget_type=\"heading.default\">\n\t\t\t\t<div class=\"elementor-widget-container\">\n\t\t\t<h2 class=\"elementor-heading-title elementor-size-default\">Zona de Servicio:<\/h2>\t\t<\/div>\n\t\t\t\t<\/div>\n\t\t\t\t<div class=\"elementor-element elementor-element-0ccccaf elementor-widget elementor-widget-text-editor\" data-id=\"0ccccaf\" data-element_type=\"widget\" data-widget_type=\"text-editor.default\">\n\t\t\t\t<div class=\"elementor-widget-container\">\n\t\t\t\t\t\t\t<p><span style=\"color: rgb(255, 255, 255); font-family: Montserrat, sans-serif; font-weight: 600;\">Nuestra zona de trabajo abarca las regiones de La Araucan\u00eda, Bio &#8211; Bio y Los Lagos. Estamos listos para brindarles un trabajo profesional en su gran d\u00eda.<\/span><br><\/p>\t\t\t\t\t\t<\/div>\n\t\t\t\t<\/div>\n\t\t\t\t\t<\/div>\n\t\t<\/div>\n\t\t\t\t<div class=\"elementor-column elementor-col-50 elementor-top-column elementor-element elementor-element-70d20dc\" data-id=\"70d20dc\" data-element_type=\"column\">\n\t\t\t<div class=\"elementor-widget-wrap elementor-element-populated\">\n\t\t\t\t\t\t\t\t<div class=\"elementor-element elementor-element-54679d6 elementor-invisible elementor-widget elementor-widget-image\" data-id=\"54679d6\" data-element_type=\"widget\" data-settings=\"{&quot;_animation&quot;:&quot;fadeInRight&quot;}\" data-widget_type=\"image.default\">\n\t\t\t\t<div class=\"elementor-widget-container\">\n\t\t\t<style>\/*! elementor - v3.15.0 - 09-08-2023 *\/\n.elementor-widget-image{text-align:center}.elementor-widget-image a{display:inline-block}.elementor-widget-image a img[src$=\".svg\"]{width:48px}.elementor-widget-image img{vertical-align:middle;display:inline-block}<\/style>\t\t\t\t\t\t\t\t\t\t\t\t<img loading=\"lazy\" decoding=\"async\" width=\"1024\" height=\"1024\" src=\"https:\/\/arturopohlproducciones.cl\/wp-content\/uploads\/2023\/10\/03.png\" class=\"attachment-large size-large wp-image-402\" alt=\"\" srcset=\"https:\/\/arturopohlproducciones.cl\/wp-content\/uploads\/2023\/10\/03.png 1024w, https:\/\/arturopohlproducciones.cl\/wp-content\/uploads\/2023\/10\/03-300x300.png 300w, https:\/\/arturopohlproducciones.cl\/wp-content\/uploads\/2023\/10\/03-150x150.png 150w, https:\/\/arturopohlproducciones.cl\/wp-content\/uploads\/2023\/10\/03-768x768.png 768w\" sizes=\"auto, (max-width: 1024px) 100vw, 1024px\" \/>\t\t\t\t\t\t\t\t\t\t\t\t\t\t\t<\/div>\n\t\t\t\t<\/div>\n\t\t\t\t<div class=\"elementor-element elementor-element-0de0f13 animated-slow elementor-invisible elementor-widget elementor-widget-image\" data-id=\"0de0f13\" data-element_type=\"widget\" data-settings=\"{&quot;_animation&quot;:&quot;fadeInLeft&quot;,&quot;_animation_delay&quot;:100}\" data-widget_type=\"image.default\">\n\t\t\t\t<div class=\"elementor-widget-container\">\n\t\t\t\t\t\t\t\t\t\t\t\t\t\t\t<img loading=\"lazy\" decoding=\"async\" width=\"1024\" height=\"1024\" src=\"https:\/\/arturopohlproducciones.cl\/wp-content\/uploads\/2023\/10\/91.png\" class=\"attachment-large size-large wp-image-403\" alt=\"\" srcset=\"https:\/\/arturopohlproducciones.cl\/wp-content\/uploads\/2023\/10\/91.png 1024w, https:\/\/arturopohlproducciones.cl\/wp-content\/uploads\/2023\/10\/91-300x300.png 300w, https:\/\/arturopohlproducciones.cl\/wp-content\/uploads\/2023\/10\/91-150x150.png 150w, https:\/\/arturopohlproducciones.cl\/wp-content\/uploads\/2023\/10\/91-768x768.png 768w\" sizes=\"auto, (max-width: 1024px) 100vw, 1024px\" \/>\t\t\t\t\t\t\t\t\t\t\t\t\t\t\t<\/div>\n\t\t\t\t<\/div>\n\t\t\t\t<div class=\"elementor-element elementor-element-7a7f30d animated-slow elementor-invisible elementor-widget elementor-widget-image\" data-id=\"7a7f30d\" data-element_type=\"widget\" data-settings=\"{&quot;_animation&quot;:&quot;fadeInRight&quot;,&quot;_animation_delay&quot;:300}\" data-widget_type=\"image.default\">\n\t\t\t\t<div class=\"elementor-widget-container\">\n\t\t\t\t\t\t\t\t\t\t\t\t\t\t\t<img loading=\"lazy\" decoding=\"async\" width=\"1024\" height=\"1024\" src=\"https:\/\/arturopohlproducciones.cl\/wp-content\/uploads\/2023\/10\/2.png\" class=\"attachment-large size-large wp-image-401\" alt=\"\" srcset=\"https:\/\/arturopohlproducciones.cl\/wp-content\/uploads\/2023\/10\/2.png 1024w, https:\/\/arturopohlproducciones.cl\/wp-content\/uploads\/2023\/10\/2-300x300.png 300w, https:\/\/arturopohlproducciones.cl\/wp-content\/uploads\/2023\/10\/2-150x150.png 150w, https:\/\/arturopohlproducciones.cl\/wp-content\/uploads\/2023\/10\/2-768x768.png 768w\" sizes=\"auto, (max-width: 1024px) 100vw, 1024px\" \/>\t\t\t\t\t\t\t\t\t\t\t\t\t\t\t<\/div>\n\t\t\t\t<\/div>\n\t\t\t\t\t<\/div>\n\t\t<\/div>\n\t\t\t\t\t\t\t<\/div>\n\t\t<\/section>\n\t\t\t\t\t\t\t<\/div>\n\t\t","protected":false},"excerpt":{"rendered":"<p>Arturo Pohl Producciones En Arturo Pohl Producciones, nos enorgullece ser expertos en la producci\u00f3n de eventos. Nuestra amplia experiencia y dedicaci\u00f3n nos permiten ofrecer servicios de calidad y resultados excepcionales. Pueden confiar en nosotros para llevar a cabo su matrimonio de manera profesional, creativa y exitosa. Estamos comprometidos en hacer de su celebraci\u00f3n un momento [&hellip;]<\/p>\n","protected":false},"author":1,"featured_media":0,"parent":0,"menu_order":0,"comment_status":"closed","ping_status":"closed","template":"","meta":{"site-sidebar-layout":"no-sidebar","site-content-layout":"page-builder","ast-site-content-layout":"default","site-content-style":"default","site-sidebar-style":"default","ast-global-header-display":"","ast-banner-title-visibility":"","ast-main-header-display":"","ast-hfb-above-header-display":"","ast-hfb-below-header-display":"","ast-hfb-mobile-header-display":"","site-post-title":"disabled","ast-breadcrumbs-content":"","ast-featured-img":"disabled","footer-sml-layout":"","theme-transparent-header-meta":"","adv-header-id-meta":"","stick-header-meta":"","header-above-stick-meta":"","header-main-stick-meta":"","header-below-stick-meta":"","astra-migrate-meta-layouts":"set","ast-page-background-enabled":"default","ast-page-background-meta":{"desktop":{"background-color":"var(--ast-global-color-4)","background-image":"","background-repeat":"repeat","background-position":"center center","background-size":"auto","background-attachment":"scroll","background-type":"","background-media":"","overlay-type":"","overlay-color":"","overlay-opacity":"","overlay-gradient":""},"tablet":{"background-color":"","background-image":"","background-repeat":"repeat","background-position":"center center","background-size":"auto","background-attachment":"scroll","background-type":"","background-media":"","overlay-type":"","overlay-color":"","overlay-opacity":"","overlay-gradient":""},"mobile":{"background-color":"","background-image":"","background-repeat":"repeat","background-position":"center center","background-size":"auto","background-attachment":"scroll","background-type":"","background-media":"","overlay-type":"","overlay-color":"","overlay-opacity":"","overlay-gradient":""}},"ast-content-background-meta":{"desktop":{"background-color":"var(--ast-global-color-5)","background-image":"","background-repeat":"repeat","background-position":"center center","background-size":"auto","background-attachment":"scroll","background-type":"","background-media":"","overlay-type":"","overlay-color":"","overlay-opacity":"","overlay-gradient":""},"tablet":{"background-color":"var(--ast-global-color-5)","background-image":"","background-repeat":"repeat","background-position":"center center","background-size":"auto","background-attachment":"scroll","background-type":"","background-media":"","overlay-type":"","overlay-color":"","overlay-opacity":"","overlay-gradient":""},"mobile":{"background-color":"var(--ast-global-color-5)","background-image":"","background-repeat":"repeat","background-position":"center center","background-size":"auto","background-attachment":"scroll","background-type":"","background-media":"","overlay-type":"","overlay-color":"","overlay-opacity":"","overlay-gradient":""}},"footnotes":""},"class_list":["post-383","page","type-page","status-publish","hentry"],"_links":{"self":[{"href":"https:\/\/arturopohlproducciones.cl\/index.php?rest_route=\/wp\/v2\/pages\/383","targetHints":{"allow":["GET"]}}],"collection":[{"href":"https:\/\/arturopohlproducciones.cl\/index.php?rest_route=\/wp\/v2\/pages"}],"about":[{"href":"https:\/\/arturopohlproducciones.cl\/index.php?rest_route=\/wp\/v2\/types\/page"}],"author":[{"embeddable":true,"href":"https:\/\/arturopohlproducciones.cl\/index.php?rest_route=\/wp\/v2\/users\/1"}],"replies":[{"embeddable":true,"href":"https:\/\/arturopohlproducciones.cl\/index.php?rest_route=%2Fwp%2Fv2%2Fcomments&post=383"}],"version-history":[{"count":29,"href":"https:\/\/arturopohlproducciones.cl\/index.php?rest_route=\/wp\/v2\/pages\/383\/revisions"}],"predecessor-version":[{"id":740,"href":"https:\/\/arturopohlproducciones.cl\/index.php?rest_route=\/wp\/v2\/pages\/383\/revisions\/740"}],"wp:attachment":[{"href":"https:\/\/arturopohlproducciones.cl\/index.php?rest_route=%2Fwp%2Fv2%2Fmedia&parent=383"}],"curies":[{"name":"wp","href":"https:\/\/api.w.org\/{rel}","templated":true}]}}